{"id":304,"date":"2021-06-24T14:04:52","date_gmt":"2021-06-24T12:04:52","guid":{"rendered":"https:\/\/ventechv.cluster007.ovh.net\/?page_id=304"},"modified":"2025-01-10T10:18:31","modified_gmt":"2025-01-10T09:18:31","slug":"afi-ventures","status":"publish","type":"page","link":"https:\/\/allianceforimpact.com\/fr\/afi-ventures\/","title":{"rendered":"Ventures"},"content":{"rendered":"<div class=\"wpb-content-wrapper\"><p>[vc_row][vc_column css=\u00a0\u00bb.vc_custom_1623315571098{padding-bottom: 30px !important;}\u00a0\u00bb][vc_row_inner][vc_column_inner][vc_column_text css_animation=\u00a0\u00bbfadeIn\u00a0\u00bb]<\/p>\n<h2>Votre premier <span style=\"color: #33cccc;\">financement<\/span> en amor\u00e7age<\/h2>\n<p>[\/vc_column_text][\/vc_column_inner][\/vc_row_inner][\/vc_column][\/vc_row][vc_row][vc_column][vc_row_inner][vc_column_inner width=\u00a0\u00bb2\/12&Prime;][\/vc_column_inner][vc_column_inner width=\u00a0\u00bb10\/12&Prime;][vc_column_text css_animation=\u00a0\u00bbfadeIn\u00a0\u00bb css=\u00a0\u00bb.vc_custom_1625073724111{padding-bottom: 25px !important;}\u00a0\u00bb]<\/p>\n<p class=\"p1\"><b>AFI Ventures<\/b>\u00a0soutient les entrepreneurs \u00e0 impact ambitieux en pre-seed &amp; seed. De la lutte contre le r\u00e9chauffement climatique aux nouveaux modes de consommation en passant par la sant\u00e9 et le bien-\u00eatre, nous nous associons aux entrepreneurs engag\u00e9s qui partagent notre vision d\u2019un impact mesurable, \u00e0 grande \u00e9chelle et profond.<\/p>\n<p class=\"p1\">Une promesse simple : Nous investissons\u00a0<b>jusqu\u2019\u00e0 500k\u20ac<\/b>\u00a0dans un \u00e0 deux projets \u00e0 impact\u00a0<b>chaque mois.<\/b><\/p>\n<p>Rejoindre <strong>AFI Ventures<\/strong> c\u2019est aussi faire partie de la communaut\u00e9 Alliance For Impact : un large r\u00e9seau de fondateurs &amp; business angels partageant les m\u00eames ambitions et challenges.[\/vc_column_text]<div class=\"ult-animation  ult-animate-viewport  ult-no-mobile \" data-animate=\"fadeIn\" data-animation-delay=\"0.6\" data-animation-duration=\"0.4\" data-animation-iteration=\"1\" style=\"opacity:0;\" data-opacity_start_effect=\"\">[vc_raw_html]JTNDYSUyMGhyZWYlM0QlMjJodHRwcyUzQSUyRiUyRmZvcm0udHlwZWZvcm0uY29tJTJGdG8lMkZveFJkdUdkTCUyMiUyMGNsYXNzJTNEJTIyYnV0dG9uJTIwYnV0dG9uLS1vdXRsaW5lJTIwZ3JleSUyMiUzRWdldCUyMGluJTIwdG91Y2glM0NzcGFuJTIwY2xhc3MlM0QlMjJzdmclMjBzdmctYXJyb3ctcmlnaHQlMjIlMjB3aWR0aCUzRCUyMjQlMjIlMjBoZWlnaHQlM0QlMjI4JTIyJTNFJTNDc3ZnJTIwdmlld0JveCUzRCUyMjAlMjAwJTIwNCUyMDglMjIlMjB3aWR0aCUzRCUyMjQlMjIlMjBoZWlnaHQlM0QlMjI4JTIyJTNFJTNDdXNlJTIweGxpbmslM0FocmVmJTNEJTIyJTJGd3AtY29udGVudCUyRnRoZW1lcyUyRmFmaSUyRnN0YXRpYyUyRmFzc2V0cyUyRnNwcml0ZXNoZWV0LnN2ZyUyM2Fycm93LXJpZ2h0JTIyJTNFJTNDJTJGdXNlJTNFJTNDJTJGc3ZnJTNFJTNDJTJGc3BhbiUzRSUzQyUyRmElM0U=[\/vc_raw_html]<\/div>[\/vc_column_inner][\/vc_row_inner][\/vc_column][\/vc_row][vc_row][vc_column css=\u00a0\u00bb.vc_custom_1623410508005{padding-top: 100px !important;}\u00a0\u00bb][vc_row_inner][vc_column_inner][vc_column_text css_animation=\u00a0\u00bbfadeIn\u00a0\u00bb css=\u00a0\u00bb.vc_custom_1625073864402{margin-bottom: 60px !important;}\u00a0\u00bb]<\/p>\n<h2>Une proposition de valeur <span style=\"color: #33cccc;\">unique<\/span><\/h2>\n<p>[\/vc_column_text][\/vc_column_inner][\/vc_row_inner][vc_row_inner equal_height=\u00a0\u00bbyes\u00a0\u00bb][vc_column_inner el_class=\u00a0\u00bbshadow-bloc\u00a0\u00bb width=\u00a0\u00bb1\/3&Prime;][vc_single_image image=\u00a0\u00bb147&Prime; img_size=\u00a0\u00bbfull\u00a0\u00bb css_animation=\u00a0\u00bbfadeIn\u00a0\u00bb css=\u00a0\u00bb.vc_custom_1623848312523{padding-top: 30px !important;padding-right: 30px !important;padding-left: 30px !important;}\u00a0\u00bb][vc_column_text css_animation=\u00a0\u00bbfadeIn\u00a0\u00bb css=\u00a0\u00bb.vc_custom_1625074413748{padding-top: 100px !important;padding-right: 30px !important;padding-left: 30px !important;}\u00a0\u00bb]<span style=\"font-weight: 400;\">Un processus d\u2019investissement agile et rapide<\/span>[\/vc_column_text][\/vc_column_inner][vc_column_inner el_class=\u00a0\u00bbshadow-bloc\u00a0\u00bb width=\u00a0\u00bb1\/3&Prime;][vc_single_image image=\u00a0\u00bb148&Prime; img_size=\u00a0\u00bbfull\u00a0\u00bb css_animation=\u00a0\u00bbfadeIn\u00a0\u00bb css=\u00a0\u00bb.vc_custom_1623848325706{padding-top: 30px !important;padding-right: 30px !important;padding-left: 30px !important;}\u00a0\u00bb][vc_column_text css_animation=\u00a0\u00bbfadeIn\u00a0\u00bb css=\u00a0\u00bb.vc_custom_1625074408252{padding-top: 100px !important;padding-right: 30px !important;padding-left: 30px !important;}\u00a0\u00bb]<span style=\"font-weight: 400;\">Une m\u00e9thodologie de suivi d\u2019impact cr\u00e9\u00e9e pour les jeunes soci\u00e9t\u00e9s<\/span>[\/vc_column_text][\/vc_column_inner][vc_column_inner el_class=\u00a0\u00bbshadow-bloc\u00a0\u00bb width=\u00a0\u00bb1\/3&Prime;][vc_single_image image=\u00a0\u00bb149&Prime; img_size=\u00a0\u00bbfull\u00a0\u00bb css_animation=\u00a0\u00bbfadeIn\u00a0\u00bb css=\u00a0\u00bb.vc_custom_1623848341747{padding-top: 30px !important;padding-right: 30px !important;padding-left: 30px !important;}\u00a0\u00bb][vc_column_text css_animation=\u00a0\u00bbfadeIn\u00a0\u00bb css=\u00a0\u00bb.vc_custom_1625074401698{padding-top: 100px !important;padding-right: 30px !important;padding-left: 30px !important;}\u00a0\u00bb]<span style=\"font-weight: 400;\">Une large communaut\u00e9 de fondateurs \u00e0 impact<\/span>[\/vc_column_text][\/vc_column_inner][\/vc_row_inner][\/vc_column][\/vc_row][vc_row full_width=\u00a0\u00bbstretch_row\u00a0\u00bb css=\u00a0\u00bb.vc_custom_1623412684355{margin-top: 150px !important;background-color: #f8f9f9 !important;}\u00a0\u00bb][vc_column css=\u00a0\u00bb.vc_custom_1625074132186{padding-bottom: 130px !important;}\u00a0\u00bb][vc_row_inner equal_height=\u00a0\u00bbyes\u00a0\u00bb content_placement=\u00a0\u00bbbottom\u00a0\u00bb][vc_column_inner width=\u00a0\u00bb8\/12&Prime;][vc_column_text css_animation=\u00a0\u00bbfadeIn\u00a0\u00bb]<\/p>\n<h2>Nos <span style=\"color: #33cccc;\">investissements<\/span> :<\/h2>\n<p>[\/vc_column_text][\/vc_column_inner][vc_column_inner el_class=\u00a0\u00bbtext-right\u00a0\u00bb width=\u00a0\u00bb4\/12&Prime;]<div class=\"ult-animation  ult-animate-viewport  ult-no-mobile \" data-animate=\"fadeIn\" data-animation-delay=\"0.6\" data-animation-duration=\"0.4\" data-animation-iteration=\"1\" style=\"opacity:0;\" data-opacity_start_effect=\"\">[vc_raw_html]JTNDYSUyMGhyZWYlM0QlMjIlMkZwb3J0Zm9saW8lMkZ2ZW50dXJlcyUyRiUyMiUyMGNsYXNzJTNEJTIyYnV0dG9uJTIwYnV0dG9uLS1vdXRsaW5lJTIyJTNFcG9ydGZvbGlvJTNDc3BhbiUyMGNsYXNzJTNEJTIyc3ZnJTIwc3ZnLWFycm93LXJpZ2h0JTIyJTIwd2lkdGglM0QlMjI0JTIyJTIwaGVpZ2h0JTNEJTIyOCUyMiUzRSUzQ3N2ZyUyMHZpZXdCb3glM0QlMjIwJTIwMCUyMDQlMjA4JTIyJTIwd2lkdGglM0QlMjI0JTIyJTIwaGVpZ2h0JTNEJTIyOCUyMiUzRSUzQ3VzZSUyMHhsaW5rJTNBaHJlZiUzRCUyMiUyRndwLWNvbnRlbnQlMkZ0aGVtZXMlMkZhZmklMkZzdGF0aWMlMkZhc3NldHMlMkZzcHJpdGVzaGVldC5zdmclMjNhcnJvdy1yaWdodCUyMiUzRSUzQyUyRnVzZSUzRSUzQyUyRnN2ZyUzRSUzQyUyRnNwYW4lM0UlM0MlMkZhJTNF[\/vc_raw_html]<\/div>[\/vc_column_inner][\/vc_row_inner][vc_row_inner][vc_column_inner width=\u00a0\u00bb1\/3&Prime;][vc_single_image image=\u00a0\u00bb1143&Prime; img_size=\u00a0\u00bbfull\u00a0\u00bb css_animation=\u00a0\u00bbfadeIn\u00a0\u00bb el_class=\u00a0\u00bbfull-width\u00a0\u00bb css=\u00a0\u00bb.vc_custom_1695976863704{border-top-width: 1px !important;border-right-width: 1px !important;border-bottom-width: 1px !important;border-left-width: 1px !important;border-left-color: #e2e2e2 !important;border-left-style: solid !important;border-right-color: #e2e2e2 !important;border-right-style: solid !important;border-top-color: #e2e2e2 !important;border-top-style: solid !important;border-bottom-color: #e2e2e2 !important;border-bottom-style: solid !important;}\u00a0\u00bb][\/vc_column_inner][vc_column_inner width=\u00a0\u00bb1\/3&Prime;][vc_single_image image=\u00a0\u00bb1114&Prime; img_size=\u00a0\u00bbfull\u00a0\u00bb css_animation=\u00a0\u00bbfadeIn\u00a0\u00bb el_class=\u00a0\u00bbfull-width\u00a0\u00bb css=\u00a0\u00bb.vc_custom_1695976873602{border-top-width: 1px !important;border-right-width: 1px !important;border-bottom-width: 1px !important;border-left-width: 1px !important;border-left-color: #e2e2e2 !important;border-left-style: solid !important;border-right-color: #e2e2e2 !important;border-right-style: solid !important;border-top-color: #e2e2e2 !important;border-top-style: solid !important;border-bottom-color: #e2e2e2 !important;border-bottom-style: solid !important;}\u00a0\u00bb][\/vc_column_inner][vc_column_inner width=\u00a0\u00bb1\/3&Prime;][vc_single_image image=\u00a0\u00bb1089&Prime; img_size=\u00a0\u00bbfull\u00a0\u00bb css_animation=\u00a0\u00bbfadeIn\u00a0\u00bb el_class=\u00a0\u00bbfull-width\u00a0\u00bb css=\u00a0\u00bb.vc_custom_1695976882870{border-top-width: 1px !important;border-right-width: 1px !important;border-bottom-width: 1px !important;border-left-width: 1px !important;border-left-color: #e2e2e2 !important;border-left-style: solid !important;border-right-color: #e2e2e2 !important;border-right-style: solid !important;border-top-color: #e2e2e2 !important;border-top-style: solid !important;border-bottom-color: #e2e2e2 !important;border-bottom-style: solid !important;}\u00a0\u00bb][\/vc_column_inner][\/vc_row_inner][\/vc_column][\/vc_row][vc_row full_width=\u00a0\u00bbstretch_row\u00a0\u00bb css=\u00a0\u00bb.vc_custom_1623412471474{background-color: #173235 !important;}\u00a0\u00bb][vc_column css=\u00a0\u00bb.vc_custom_1623414033008{padding-top: 100px !important;padding-bottom: 70px !important;}\u00a0\u00bb][vc_row_inner][vc_column_inner width=\u00a0\u00bb1\/12&Prime;][\/vc_column_inner][vc_column_inner width=\u00a0\u00bb10\/12&Prime;][vc_column_text css_animation=\u00a0\u00bbfadeIn\u00a0\u00bb]<\/p>\n<h2 style=\"text-align: center;\"><span style=\"color: #ffffff;\">Vous <span style=\"color: #33cccc;\">levez<\/span> des fonds ?<\/span><\/h2>\n<p>[\/vc_column_text][\/vc_column_inner][vc_column_inner width=\u00a0\u00bb1\/12&Prime;][\/vc_column_inner][\/vc_row_inner][vc_row_inner][vc_column_inner el_class=\u00a0\u00bbtext-center\u00a0\u00bb css=\u00a0\u00bb.vc_custom_1623412989899{padding-top: 30px !important;}\u00a0\u00bb]<div class=\"ult-animation  ult-animate-viewport  ult-no-mobile \" data-animate=\"fadeIn\" data-animation-delay=\"0.2\" data-animation-duration=\"0.4\" data-animation-iteration=\"1\" style=\"opacity:0;\" data-opacity_start_effect=\"\">[vc_raw_html]JTNDYSUyMGhyZWYlM0QlMjJodHRwcyUzQSUyRiUyRmZvcm0udHlwZWZvcm0uY29tJTJGdG8lMkZveFJkdUdkTCUyMiUyMGNsYXNzJTNEJTIyYnV0dG9uJTIwYnV0dG9uLS1vdXRsaW5lJTIwZ3JleSUyMiUzRWdldCUyMGluJTIwdG91Y2glM0NzcGFuJTIwY2xhc3MlM0QlMjJzdmclMjBzdmctYXJyb3ctcmlnaHQlMjIlMjB3aWR0aCUzRCUyMjQlMjIlMjBoZWlnaHQlM0QlMjI4JTIyJTNFJTNDc3ZnJTIwdmlld0JveCUzRCUyMjAlMjAwJTIwNCUyMDglMjIlMjB3aWR0aCUzRCUyMjQlMjIlMjBoZWlnaHQlM0QlMjI4JTIyJTNFJTNDdXNlJTIweGxpbmslM0FocmVmJTNEJTIyJTJGd3AtY29udGVudCUyRnRoZW1lcyUyRmFmaSUyRnN0YXRpYyUyRmFzc2V0cyUyRnNwcml0ZXNoZWV0LnN2ZyUyM2Fycm93LXJpZ2h0JTIyJTNFJTNDJTJGdXNlJTNFJTNDJTJGc3ZnJTNFJTNDJTJGc3BhbiUzRSUzQyUyRmElM0U=[\/vc_raw_html]<\/div>[\/vc_column_inner][\/vc_row_inner][\/vc_column][\/vc_row]<\/p>\n<\/div>","protected":false},"excerpt":{"rendered":"<p>[vc_row][vc_column css=\u00a0\u00bb.vc_custom_1623315571098{padding-bottom: 30px !important;}\u00a0\u00bb][vc_row_inner][vc_column_inner][vc_column_text css_animation=\u00a0\u00bbfadeIn\u00a0\u00bb] Votre premier financement en amor\u00e7age [\/vc_column_text][\/vc_column_inner][\/vc_row_inner][\/vc_column][\/vc_row][vc_row][vc_column][vc_row_inner][vc_column_inner width=\u00a0\u00bb2\/12&Prime;][\/vc_column_inner][vc_column_inner width=\u00a0\u00bb10\/12&Prime;][vc_column_text css_animation=\u00a0\u00bbfadeIn\u00a0\u00bb css=\u00a0\u00bb.vc_custom_1625073724111{padding-bottom: 25px !important;}\u00a0\u00bb] AFI Ventures\u00a0soutient les entrepreneurs \u00e0 impact ambitieux en pre-seed &amp; seed. De la lutte contre le r\u00e9chauffement climatique aux nouveaux modes de consommation en passant par la sant\u00e9 et le bien-\u00eatre, nous nous associons aux entrepreneurs engag\u00e9s qui [&hellip;]<\/p>\n","protected":false},"author":1,"featured_media":748,"parent":0,"menu_order":0,"comment_status":"closed","ping_status":"closed","template":"template-ventures.php","meta":{"footnotes":""},"class_list":["post-304","page","type-page","status-publish","has-post-thumbnail","hentry"],"yoast_head":"<!-- This site is optimized with the Yoast SEO plugin v21.3 - https:\/\/yoast.com\/wordpress\/plugins\/seo\/ -->\n<title>AFI Ventures - Alliance for Impact<\/title>\n<meta name=\"description\" content=\"AFI Ventures\u00a0soutient les entrepreneurs \u00e0 impact ambitieux en pre-seed &amp; seed en investissant jusqu&#039;\u00e0 500k\u20ac dans 2 projets par mois.\" \/>\n<meta name=\"robots\" content=\"index, follow, max-snippet:-1, max-image-preview:large, max-video-preview:-1\" \/>\n<link rel=\"canonical\" href=\"https:\/\/allianceforimpact.com\/fr\/afi-ventures\/\" \/>\n<meta property=\"og:locale\" content=\"fr_FR\" \/>\n<meta property=\"og:type\" content=\"article\" \/>\n<meta property=\"og:title\" content=\"AFI Ventures - Alliance for Impact\" \/>\n<meta property=\"og:description\" content=\"AFI Ventures\u00a0soutient les entrepreneurs \u00e0 impact ambitieux en pre-seed &amp; seed en investissant jusqu&#039;\u00e0 500k\u20ac dans 2 projets par mois.\" \/>\n<meta property=\"og:url\" content=\"https:\/\/allianceforimpact.com\/fr\/afi-ventures\/\" \/>\n<meta property=\"og:site_name\" content=\"AFI : Alliance for Impact\" \/>\n<meta property=\"article:modified_time\" content=\"2025-01-10T09:18:31+00:00\" \/>\n<meta property=\"og:image\" content=\"https:\/\/allianceforimpact.com\/wp-content\/uploads\/2022\/04\/andreas-gucklhorn-mawU2PoJWfU-unsplash.jpg\" \/>\n\t<meta property=\"og:image:width\" content=\"2560\" \/>\n\t<meta property=\"og:image:height\" content=\"1440\" \/>\n\t<meta property=\"og:image:type\" content=\"image\/jpeg\" \/>\n<meta name=\"twitter:card\" content=\"summary_large_image\" \/>\n<meta name=\"twitter:label1\" content=\"Dur\u00e9e de lecture estim\u00e9e\" \/>\n\t<meta name=\"twitter:data1\" content=\"2 minutes\" \/>\n<script type=\"application\/ld+json\" class=\"yoast-schema-graph\">{\"@context\":\"https:\/\/schema.org\",\"@graph\":[{\"@type\":\"WebPage\",\"@id\":\"https:\/\/allianceforimpact.com\/fr\/afi-ventures\/\",\"url\":\"https:\/\/allianceforimpact.com\/fr\/afi-ventures\/\",\"name\":\"AFI Ventures - Alliance for Impact\",\"isPartOf\":{\"@id\":\"https:\/\/allianceforimpact.com\/#website\"},\"datePublished\":\"2021-06-24T12:04:52+00:00\",\"dateModified\":\"2025-01-10T09:18:31+00:00\",\"description\":\"AFI Ventures\u00a0soutient les entrepreneurs \u00e0 impact ambitieux en pre-seed & seed en investissant jusqu'\u00e0 500k\u20ac dans 2 projets par mois.\",\"breadcrumb\":{\"@id\":\"https:\/\/allianceforimpact.com\/fr\/afi-ventures\/#breadcrumb\"},\"inLanguage\":\"fr-FR\",\"potentialAction\":[{\"@type\":\"ReadAction\",\"target\":[\"https:\/\/allianceforimpact.com\/fr\/afi-ventures\/\"]}]},{\"@type\":\"BreadcrumbList\",\"@id\":\"https:\/\/allianceforimpact.com\/fr\/afi-ventures\/#breadcrumb\",\"itemListElement\":[{\"@type\":\"ListItem\",\"position\":1,\"name\":\"Home\",\"item\":\"https:\/\/allianceforimpact.com\/fr\/\"},{\"@type\":\"ListItem\",\"position\":2,\"name\":\"Ventures\"}]},{\"@type\":\"WebSite\",\"@id\":\"https:\/\/allianceforimpact.com\/#website\",\"url\":\"https:\/\/allianceforimpact.com\/\",\"name\":\"AFI : Alliance for Impact\",\"description\":\"Europe\u2019s Day-One Impact Launchpad\",\"publisher\":{\"@id\":\"https:\/\/allianceforimpact.com\/#organization\"},\"potentialAction\":[{\"@type\":\"SearchAction\",\"target\":{\"@type\":\"EntryPoint\",\"urlTemplate\":\"https:\/\/allianceforimpact.com\/?s={search_term_string}\"},\"query-input\":\"required name=search_term_string\"}],\"inLanguage\":\"fr-FR\"},{\"@type\":\"Organization\",\"@id\":\"https:\/\/allianceforimpact.com\/#organization\",\"name\":\"Alliance for impact\",\"url\":\"https:\/\/allianceforimpact.com\/\",\"logo\":{\"@type\":\"ImageObject\",\"inLanguage\":\"fr-FR\",\"@id\":\"https:\/\/allianceforimpact.com\/#\/schema\/logo\/image\/\",\"url\":\"https:\/\/ventechv.cluster007.ovh.net\/wp-content\/uploads\/2021\/06\/logo_afi.svg\",\"contentUrl\":\"https:\/\/ventechv.cluster007.ovh.net\/wp-content\/uploads\/2021\/06\/logo_afi.svg\",\"width\":188,\"height\":32,\"caption\":\"Alliance for impact\"},\"image\":{\"@id\":\"https:\/\/allianceforimpact.com\/#\/schema\/logo\/image\/\"}}]}<\/script>\n<!-- \/ Yoast SEO plugin. -->","yoast_head_json":{"title":"AFI Ventures - Alliance for Impact","description":"AFI Ventures\u00a0soutient les entrepreneurs \u00e0 impact ambitieux en pre-seed & seed en investissant jusqu'\u00e0 500k\u20ac dans 2 projets par mois.","robots":{"index":"index","follow":"follow","max-snippet":"max-snippet:-1","max-image-preview":"max-image-preview:large","max-video-preview":"max-video-preview:-1"},"canonical":"https:\/\/allianceforimpact.com\/fr\/afi-ventures\/","og_locale":"fr_FR","og_type":"article","og_title":"AFI Ventures - Alliance for Impact","og_description":"AFI Ventures\u00a0soutient les entrepreneurs \u00e0 impact ambitieux en pre-seed & seed en investissant jusqu'\u00e0 500k\u20ac dans 2 projets par mois.","og_url":"https:\/\/allianceforimpact.com\/fr\/afi-ventures\/","og_site_name":"AFI : Alliance for Impact","article_modified_time":"2025-01-10T09:18:31+00:00","og_image":[{"width":2560,"height":1440,"url":"https:\/\/allianceforimpact.com\/wp-content\/uploads\/2022\/04\/andreas-gucklhorn-mawU2PoJWfU-unsplash.jpg","type":"image\/jpeg"}],"twitter_card":"summary_large_image","twitter_misc":{"Dur\u00e9e de lecture estim\u00e9e":"2 minutes"},"schema":{"@context":"https:\/\/schema.org","@graph":[{"@type":"WebPage","@id":"https:\/\/allianceforimpact.com\/fr\/afi-ventures\/","url":"https:\/\/allianceforimpact.com\/fr\/afi-ventures\/","name":"AFI Ventures - Alliance for Impact","isPartOf":{"@id":"https:\/\/allianceforimpact.com\/#website"},"datePublished":"2021-06-24T12:04:52+00:00","dateModified":"2025-01-10T09:18:31+00:00","description":"AFI Ventures\u00a0soutient les entrepreneurs \u00e0 impact ambitieux en pre-seed & seed en investissant jusqu'\u00e0 500k\u20ac dans 2 projets par mois.","breadcrumb":{"@id":"https:\/\/allianceforimpact.com\/fr\/afi-ventures\/#breadcrumb"},"inLanguage":"fr-FR","potentialAction":[{"@type":"ReadAction","target":["https:\/\/allianceforimpact.com\/fr\/afi-ventures\/"]}]},{"@type":"BreadcrumbList","@id":"https:\/\/allianceforimpact.com\/fr\/afi-ventures\/#breadcrumb","itemListElement":[{"@type":"ListItem","position":1,"name":"Home","item":"https:\/\/allianceforimpact.com\/fr\/"},{"@type":"ListItem","position":2,"name":"Ventures"}]},{"@type":"WebSite","@id":"https:\/\/allianceforimpact.com\/#website","url":"https:\/\/allianceforimpact.com\/","name":"AFI : Alliance for Impact","description":"Europe\u2019s Day-One Impact Launchpad","publisher":{"@id":"https:\/\/allianceforimpact.com\/#organization"},"potentialAction":[{"@type":"SearchAction","target":{"@type":"EntryPoint","urlTemplate":"https:\/\/allianceforimpact.com\/?s={search_term_string}"},"query-input":"required name=search_term_string"}],"inLanguage":"fr-FR"},{"@type":"Organization","@id":"https:\/\/allianceforimpact.com\/#organization","name":"Alliance for impact","url":"https:\/\/allianceforimpact.com\/","logo":{"@type":"ImageObject","inLanguage":"fr-FR","@id":"https:\/\/allianceforimpact.com\/#\/schema\/logo\/image\/","url":"https:\/\/ventechv.cluster007.ovh.net\/wp-content\/uploads\/2021\/06\/logo_afi.svg","contentUrl":"https:\/\/ventechv.cluster007.ovh.net\/wp-content\/uploads\/2021\/06\/logo_afi.svg","width":188,"height":32,"caption":"Alliance for impact"},"image":{"@id":"https:\/\/allianceforimpact.com\/#\/schema\/logo\/image\/"}}]}},"_links":{"self":[{"href":"https:\/\/allianceforimpact.com\/fr\/wp-json\/wp\/v2\/pages\/304","targetHints":{"allow":["GET"]}}],"collection":[{"href":"https:\/\/allianceforimpact.com\/fr\/wp-json\/wp\/v2\/pages"}],"about":[{"href":"https:\/\/allianceforimpact.com\/fr\/wp-json\/wp\/v2\/types\/page"}],"author":[{"embeddable":true,"href":"https:\/\/allianceforimpact.com\/fr\/wp-json\/wp\/v2\/users\/1"}],"replies":[{"embeddable":true,"href":"https:\/\/allianceforimpact.com\/fr\/wp-json\/wp\/v2\/comments?post=304"}],"version-history":[{"count":0,"href":"https:\/\/allianceforimpact.com\/fr\/wp-json\/wp\/v2\/pages\/304\/revisions"}],"wp:featuredmedia":[{"embeddable":true,"href":"https:\/\/allianceforimpact.com\/fr\/wp-json\/wp\/v2\/media\/748"}],"wp:attachment":[{"href":"https:\/\/allianceforimpact.com\/fr\/wp-json\/wp\/v2\/media?parent=304"}],"curies":[{"name":"wp","href":"https:\/\/api.w.org\/{rel}","templated":true}]}}